{"id":516,"date":"2023-01-26T13:49:53","date_gmt":"2023-01-26T13:49:53","guid":{"rendered":"https:\/\/cjk.nn-digital.de\/?page_id=516"},"modified":"2023-11-03T12:19:14","modified_gmt":"2023-11-03T12:19:14","slug":"516-2","status":"publish","type":"page","link":"https:\/\/cjk.nn-digital.de\/","title":{"rendered":"Startseite"},"content":{"rendered":"<p>[et_pb_section fb_built=&#8220;1&#8243; fullwidth=&#8220;on&#8220; next_background_color=&#8220;#FFFFFF&#8220; admin_label=&#8220;Header&#8220; _builder_version=&#8220;4.20.4&#8243; background_color=&#8220;#b7b9c7&#8243; height_tablet=&#8220;&#8220; height_phone=&#8220;100vh&#8220; height_last_edited=&#8220;on|phone&#8220; custom_padding=&#8220;0px|0|0px|0px|false|false&#8220; bottom_divider_style=&#8220;mountains&#8220; global_colors_info=&#8220;{}&#8220;][et_pb_fullwidth_header text_orientation=&#8220;center&#8220; background_overlay_color=&#8220;rgba(83,90,128,0)&#8220; content_max_width=&#8220;90%&#8220; _builder_version=&#8220;4.20.4&#8243; title_font=&#8220;Noto Serif|700|||||||&#8220; title_text_align=&#8220;center&#8220; title_font_size=&#8220;7vw&#8220; title_line_height=&#8220;1.1em&#8220; content_font=&#8220;Noto Serif|700|||||||&#8220; content_text_align=&#8220;left&#8220; content_font_size=&#8220;32px&#8220; subhead_font=&#8220;Noto Sans||||||||&#8220; subhead_text_align=&#8220;center&#8220; subhead_font_size=&#8220;30px&#8220; subhead_line_height=&#8220;2em&#8220; background_color=&#8220;rgba(255,255,255,0)&#8220; background_enable_image=&#8220;off&#8220; parallax=&#8220;on&#8220; parallax_method=&#8220;on&#8220; background_video_mp4=&#8220;https:\/\/cjk.nn-digital.de\/wp-content\/uploads\/2023\/01\/dji1565994801453.mp4&#8243; custom_button_one=&#8220;on&#8220; button_one_text_size=&#8220;17px&#8220; button_one_text_color=&#8220;#ffffff&#8220; button_one_bg_color=&#8220;#ff6b5a&#8220; button_one_border_width=&#8220;7px&#8220; button_one_border_color=&#8220;#ff6b5a&#8220; button_one_border_radius=&#8220;100px&#8220; button_one_font=&#8220;Noto Sans|700||on|||||&#8220; button_one_use_icon=&#8220;off&#8220; max_width=&#8220;100%&#8220; height=&#8220;1000px&#8220; max_height=&#8220;1000px&#8220; custom_margin=&#8220;0px||-5px||false|false&#8220; custom_padding=&#8220;0px||0px||false|false&#8220; custom_padding_tablet=&#8220;100px|||&#8220; custom_padding_phone=&#8220;&#8220; custom_padding_last_edited=&#8220;on|desktop&#8220; animation_style=&#8220;fade&#8220; animation_direction=&#8220;top&#8220; title_font_size_tablet=&#8220;60px&#8220; title_font_size_phone=&#8220;&#8220; title_font_size_last_edited=&#8220;on|phone&#8220; subhead_font_size_tablet=&#8220;&#8220; subhead_font_size_phone=&#8220;20px&#8220; subhead_font_size_last_edited=&#8220;on|desktop&#8220; subhead_line_height_tablet=&#8220;&#8220; subhead_line_height_phone=&#8220;1.5em&#8220; subhead_line_height_last_edited=&#8220;on|phone&#8220; button_one_text_color_hover=&#8220;#ffffff&#8220; button_one_border_color_hover=&#8220;#ff9e59&#8243; button_one_border_radius_hover=&#8220;100px&#8220; button_one_bg_color_hover=&#8220;#ff9e59&#8243; global_colors_info=&#8220;{}&#8220; button_one_text_size__hover_enabled=&#8220;off&#8220; button_two_text_size__hover_enabled=&#8220;off&#8220; button_one_text_color__hover_enabled=&#8220;on&#8220; button_one_text_color__hover=&#8220;#ffffff&#8220; button_two_text_color__hover_enabled=&#8220;off&#8220; button_one_border_width__hover_enabled=&#8220;off&#8220; button_two_border_width__hover_enabled=&#8220;off&#8220; button_one_border_color__hover_enabled=&#8220;on&#8220; button_one_border_color__hover=&#8220;#ff9e59&#8243; button_two_border_color__hover_enabled=&#8220;off&#8220; button_one_border_radius__hover_enabled=&#8220;on&#8220; button_one_border_radius__hover=&#8220;100px&#8220; button_two_border_radius__hover_enabled=&#8220;off&#8220; button_one_letter_spacing__hover_enabled=&#8220;off&#8220; button_two_letter_spacing__hover_enabled=&#8220;off&#8220; button_one_bg_color__hover_enabled=&#8220;on&#8220; button_one_bg_color__hover=&#8220;#ff9e59&#8243; button_two_bg_color__hover_enabled=&#8220;off&#8220;][\/et_pb_fullwidth_header][\/et_pb_section][et_pb_section fb_built=&#8220;1&#8243; _builder_version=&#8220;4.20.4&#8243; _module_preset=&#8220;default&#8220; background_color=&#8220;#FFFFFF&#8220; min_height=&#8220;790px&#8220; custom_margin=&#8220;0px||||false|false&#8220; global_colors_info=&#8220;{}&#8220;][et_pb_row _builder_version=&#8220;4.20.4&#8243; _module_preset=&#8220;default&#8220; custom_margin=&#8220;70px||||false|false&#8220; global_colors_info=&#8220;{}&#8220;][et_pb_column type=&#8220;4_4&#8243; _builder_version=&#8220;4.20.4&#8243; _module_preset=&#8220;default&#8220; global_colors_info=&#8220;{}&#8220;][et_pb_text _builder_version=&#8220;4.20.4&#8243; _module_preset=&#8220;default&#8220; global_colors_info=&#8220;{}&#8220;]<\/p>\n<h1><strong><span style=\"color: #720000;\">Aktuelles..<\/span><\/strong><\/h1>\n<p>[\/et_pb_text][et_pb_blog fullwidth=&#8220;off&#8220; posts_number=&#8220;3&#8243; include_categories=&#8220;3&#8243; meta_date=&#8220;j. F Y&#8220; excerpt_length=&#8220;120&#8243; show_author=&#8220;off&#8220; show_categories=&#8220;off&#8220; _builder_version=&#8220;4.20.4&#8243; _module_preset=&#8220;default&#8220; hover_enabled=&#8220;0&#8243; box_shadow_style=&#8220;preset3&#8243; global_colors_info=&#8220;{}&#8220; sticky_enabled=&#8220;0&#8243;][\/et_pb_blog][\/et_pb_column][\/et_pb_row][\/et_pb_section][et_pb_section fb_built=&#8220;1&#8243; prev_background_color=&#8220;#FFFFFF&#8220; next_background_color=&#8220;#FFFFFF&#8220; _builder_version=&#8220;4.20.4&#8243; _module_preset=&#8220;default&#8220; background_color=&#8220;#f9f9f9&#8243; min_height=&#8220;790px&#8220; custom_margin=&#8220;0px||||false|false&#8220; top_divider_style=&#8220;mountains&#8220; bottom_divider_style=&#8220;mountains&#8220; global_colors_info=&#8220;{}&#8220;][et_pb_row column_structure=&#8220;2_5,3_5&#8243; make_equal=&#8220;on&#8220; admin_label=&#8220;Title Row&#8220; _builder_version=&#8220;4.20.4&#8243; custom_margin=&#8220;||||false|false&#8220; custom_padding=&#8220;|||&#8220; custom_css_main_element=&#8220;align-items: flex-end;&#8220; global_colors_info=&#8220;{}&#8220;][et_pb_column type=&#8220;2_5&#8243; _builder_version=&#8220;4.16&#8243; custom_padding=&#8220;|||&#8220; global_colors_info=&#8220;{}&#8220; custom_padding__hover=&#8220;|||&#8220;][et_pb_text _builder_version=&#8220;4.20.4&#8243; _module_preset=&#8220;default&#8220; text_font_size=&#8220;22px&#8220; custom_margin=&#8220;155px||28px|6px||&#8220; global_colors_info=&#8220;{}&#8220;]<\/p>\n<p>Das junge und motivierte Betreuerteam des CJK-Ferienlagers erfindet heute sowie damals immer wieder neue und aufregende Programmpunkte. Dadurch bildet es eine gute Mischung aus Tradition und modernen Konzepten, sodass jedes Kind egal ob Junge oder M\u00e4dchen jede Menge Spa\u00df im CJK-Ferienlager erwartet.<\/p>\n<p>[\/et_pb_text][et_pb_button button_text=&#8220;\u00dcber uns&#8220; _builder_version=&#8220;4.20.4&#8243; _module_preset=&#8220;default&#8220; custom_button=&#8220;on&#8220; button_text_color=&#8220;#FFFFFF&#8220; button_bg_color=&#8220;#720000&#8243; button_border_width=&#8220;0px&#8220; custom_margin=&#8220;-4px||0px|7px|false|false&#8220; custom_padding=&#8220;5px||||false|false&#8220; global_colors_info=&#8220;{}&#8220;][\/et_pb_button][\/et_pb_column][et_pb_column type=&#8220;3_5&#8243; _builder_version=&#8220;4.16&#8243; custom_padding=&#8220;|||&#8220; global_colors_info=&#8220;{}&#8220; custom_padding__hover=&#8220;|||&#8220;][et_pb_image src=&#8220;https:\/\/cjk.nn-digital.de\/wp-content\/uploads\/2022\/12\/team-cjk.jpg&#8220; title_text=&#8220;team cjk&#8220; _builder_version=&#8220;4.20.4&#8243; _module_preset=&#8220;default&#8220; global_colors_info=&#8220;{}&#8220;][\/et_pb_image][\/et_pb_column][\/et_pb_row][\/et_pb_section][et_pb_section fb_built=&#8220;1&#8243; next_background_color=&#8220;#f9f9f9&#8243; _builder_version=&#8220;4.20.4&#8243; _module_preset=&#8220;default&#8220; background_color=&#8220;#FFFFFF&#8220; min_height=&#8220;790px&#8220; custom_margin=&#8220;0px||||false|false&#8220; bottom_divider_style=&#8220;mountains&#8220; global_colors_info=&#8220;{}&#8220;][et_pb_row column_structure=&#8220;3_5,2_5&#8243; make_equal=&#8220;on&#8220; admin_label=&#8220;Title Row&#8220; _builder_version=&#8220;4.20.4&#8243; custom_margin=&#8220;0px||||false|false&#8220; custom_padding=&#8220;|||&#8220; custom_css_main_element=&#8220;align-items: flex-end;&#8220; global_colors_info=&#8220;{}&#8220;][et_pb_column type=&#8220;3_5&#8243; _builder_version=&#8220;4.16&#8243; custom_padding=&#8220;|||&#8220; global_colors_info=&#8220;{}&#8220; custom_padding__hover=&#8220;|||&#8220;][et_pb_image src=&#8220;https:\/\/cjk.nn-digital.de\/wp-content\/uploads\/2023\/01\/DSC_6558-768&#215;513-1.jpg&#8220; title_text=&#8220;DSC_6558-768&#215;513 (1)&#8220; _builder_version=&#8220;4.20.4&#8243; _module_preset=&#8220;default&#8220; global_colors_info=&#8220;{}&#8220;][\/et_pb_image][\/et_pb_column][et_pb_column type=&#8220;2_5&#8243; _builder_version=&#8220;4.16&#8243; custom_padding=&#8220;|||&#8220; global_colors_info=&#8220;{}&#8220; custom_padding__hover=&#8220;|||&#8220;][et_pb_text _builder_version=&#8220;4.20.4&#8243; _module_preset=&#8220;default&#8220; text_font_size=&#8220;22px&#8220; custom_margin=&#8220;1px|||6px||&#8220; global_colors_info=&#8220;{}&#8220;]<\/p>\n<p><span>13 Tage voller Spa\u00df, Abenteuer und unvergesslicher Momente! Begleite uns in unser traumhaftes Ferienlager. Neben <\/span>13 \u00dcbernachtungen (Montags bis Sonntags), inkl. Vollpension (Vollverpflegung) in einer Ferien- und Tagungsst\u00e4tte, sind folgende Leistungen im Reisepreis enthalten..<\/p>\n<p>[\/et_pb_text][et_pb_button button_text=&#8220;Leistungen&#8220; _builder_version=&#8220;4.20.4&#8243; _module_preset=&#8220;default&#8220; custom_button=&#8220;on&#8220; button_text_color=&#8220;#FFFFFF&#8220; button_bg_color=&#8220;#720000&#8243; button_border_width=&#8220;0px&#8220; custom_margin=&#8220;-4px||0px|7px|false|false&#8220; custom_padding=&#8220;5px||||false|false&#8220; global_colors_info=&#8220;{}&#8220;][\/et_pb_button][\/et_pb_column][\/et_pb_row][\/et_pb_section][et_pb_section fb_built=&#8220;1&#8243; admin_label=&#8220;Upcoming Trips&#8220; _builder_version=&#8220;4.20.4&#8243; background_color=&#8220;#f9f9f9&#8243; custom_margin=&#8220;0px||-100px||false|false&#8220; custom_padding=&#8220;70px|0px|200px|0px|false|false&#8220; global_colors_info=&#8220;{}&#8220;][et_pb_row _builder_version=&#8220;4.20.4&#8243; _module_preset=&#8220;default&#8220; global_colors_info=&#8220;{}&#8220;][et_pb_column type=&#8220;4_4&#8243; _builder_version=&#8220;4.20.4&#8243; _module_preset=&#8220;default&#8220; global_colors_info=&#8220;{}&#8220;][et_pb_text _builder_version=&#8220;4.20.4&#8243; _module_preset=&#8220;default&#8220; global_colors_info=&#8220;{}&#8220;]<\/p>\n<h2><strong><span style=\"color: #720000;\">Alles Wichtige\u00a0<\/span><\/strong><\/h2>\n<p>[\/et_pb_text][\/et_pb_column][\/et_pb_row][et_pb_row column_structure=&#8220;2_3,1_3&#8243; use_custom_gutter=&#8220;on&#8220; gutter_width=&#8220;2&#8243; admin_label=&#8220;Upcoming Trips Row&#8220; _builder_version=&#8220;4.20.4&#8243; custom_margin=&#8220;25px||50px||false|false&#8220; global_colors_info=&#8220;{}&#8220;][et_pb_column type=&#8220;2_3&#8243; _builder_version=&#8220;4.16&#8243; custom_padding=&#8220;|||&#8220; global_colors_info=&#8220;{}&#8220; custom_padding__hover=&#8220;|||&#8220;][et_pb_text admin_label=&#8220;Upcoming Trip&#8220; _builder_version=&#8220;4.19.2&#8243; text_font=&#8220;Noto Sans|700|||||||&#8220; text_font_size=&#8220;17px&#8220; link_font=&#8220;Noto Serif||||on|||#ff6b5a|&#8220; link_text_color=&#8220;#ffffff&#8220; link_font_size=&#8220;30px&#8220; link_line_height=&#8220;1.5em&#8220; header_font=&#8220;||||||||&#8220; header_2_font=&#8220;||||||||&#8220; use_background_color_gradient=&#8220;on&#8220; background_color_gradient_stops=&#8220;rgba(0,0,0,0) 60%|#000000 100%&#8220; background_color_gradient_overlays_image=&#8220;on&#8220; background_color_gradient_start=&#8220;rgba(0,0,0,0)&#8220; background_color_gradient_start_position=&#8220;60%&#8220; background_color_gradient_end=&#8220;#000000&#8243; background_image=&#8220;https:\/\/cjk.nn-digital.de\/wp-content\/uploads\/2022\/12\/Ferienlager-3.jpg&#8220; background_layout=&#8220;dark&#8220; height=&#8220;510px&#8220; custom_margin=&#8220;||47px|||&#8220; custom_padding=&#8220;508px|25px|25px|25px&#8220; border_radii=&#8220;on|3px|3px|3px|3px&#8220; box_shadow_style=&#8220;preset3&#8243; box_shadow_color=&#8220;rgba(0,36,73,0.07)&#8220; locked=&#8220;off&#8220; global_colors_info=&#8220;{}&#8220;][\/et_pb_text][et_pb_button button_url=&#8220;https:\/\/cjk.nn-digital.de\/index.php\/ferienlager-2-0\/&#8220; button_text=&#8220;Alles rund um das Ferienlager 2023&#8243; _builder_version=&#8220;4.20.4&#8243; _module_preset=&#8220;default&#8220; custom_button=&#8220;on&#8220; button_text_color=&#8220;#FFFFFF&#8220; button_bg_color=&#8220;#720000&#8243; button_border_width=&#8220;0px&#8220; custom_margin=&#8220;-140px||0px|25px|false|false&#8220; custom_padding=&#8220;5px||||false|false&#8220; global_colors_info=&#8220;{}&#8220;][\/et_pb_button][\/et_pb_column][et_pb_column type=&#8220;1_3&#8243; _builder_version=&#8220;4.16&#8243; custom_padding=&#8220;|||&#8220; global_colors_info=&#8220;{}&#8220; custom_padding__hover=&#8220;|||&#8220;][et_pb_text admin_label=&#8220;Upcoming Trip&#8220; _builder_version=&#8220;4.20.4&#8243; _dynamic_attributes=&#8220;link_option_url&#8220; text_font=&#8220;Noto Sans|700|||||||&#8220; text_font_size=&#8220;17px&#8220; link_font=&#8220;Noto Serif||||on|||#ff6b5a|&#8220; link_text_color=&#8220;#ffffff&#8220; link_font_size=&#8220;30px&#8220; link_line_height=&#8220;1.5em&#8220; header_font=&#8220;||||||||&#8220; header_2_font=&#8220;||||||||&#8220; use_background_color_gradient=&#8220;on&#8220; background_color_gradient_stops=&#8220;rgba(0,0,0,0) 60%|#000000 100%&#8220; background_color_gradient_overlays_image=&#8220;on&#8220; background_color_gradient_start=&#8220;rgba(0,0,0,0)&#8220; background_color_gradient_start_position=&#8220;60%&#8220; background_color_gradient_end=&#8220;#000000&#8243; background_image=&#8220;https:\/\/cjk.nn-digital.de\/wp-content\/uploads\/2022\/12\/team-cjk.jpg&#8220; background_layout=&#8220;dark&#8220; height=&#8220;255px&#8220; custom_margin=&#8220;0px||||false|false&#8220; custom_padding=&#8220;200px|25px|25px|25px|false|false&#8220; link_option_url=&#8220;@ET-DC@eyJkeW5hbWljIjp0cnVlLCJjb250ZW50IjoicG9zdF9saW5rX3VybF9wYWdlIiwic2V0dGluZ3MiOnsicG9zdF9pZCI6IjIifX0=@&#8220; border_radii=&#8220;on|3px|3px|3px|3px&#8220; box_shadow_style=&#8220;preset1&#8243; box_shadow_vertical=&#8220;52px&#8220; box_shadow_blur=&#8220;80px&#8220; box_shadow_color=&#8220;rgba(0,36,73,0.07)&#8220; locked=&#8220;off&#8220; global_colors_info=&#8220;{}&#8220;][\/et_pb_text][et_pb_button button_url=&#8220;https:\/\/cjk.nn-digital.de\/index.php\/2-vergangene-lagerjahre\/&#8220; button_text=&#8220;Vergangene Lagerjahre&#8220; _builder_version=&#8220;4.20.4&#8243; _module_preset=&#8220;default&#8220; custom_button=&#8220;on&#8220; button_text_color=&#8220;#FFFFFF&#8220; button_bg_color=&#8220;#720000&#8243; button_border_width=&#8220;0px&#8220; custom_margin=&#8220;-90px||63px|20px|false|false&#8220; global_colors_info=&#8220;{}&#8220;][\/et_pb_button][et_pb_text admin_label=&#8220;Upcoming Trip&#8220; _builder_version=&#8220;4.20.4&#8243; text_font=&#8220;Noto Sans|700|||||||&#8220; text_font_size=&#8220;17px&#8220; link_font=&#8220;Noto Serif||||on|||#ff6b5a|&#8220; link_text_color=&#8220;#ffffff&#8220; link_font_size=&#8220;30px&#8220; link_line_height=&#8220;1.5em&#8220; header_font=&#8220;||||||||&#8220; header_2_font=&#8220;||||||||&#8220; use_background_color_gradient=&#8220;on&#8220; background_color_gradient_stops=&#8220;rgba(0,0,0,0) 60%|#000000 100%&#8220; background_color_gradient_overlays_image=&#8220;on&#8220; background_color_gradient_start=&#8220;rgba(0,0,0,0)&#8220; background_color_gradient_start_position=&#8220;60%&#8220; background_color_gradient_end=&#8220;#000000&#8243; background_image=&#8220;https:\/\/cjk.nn-digital.de\/wp-content\/uploads\/2023\/04\/pexels-tara-winstead-8850709.jpg&#8220; background_layout=&#8220;dark&#8220; height=&#8220;255px&#8220; custom_margin=&#8220;-14px||||false|false&#8220; custom_padding=&#8220;200px|25px|25px|25px&#8220; border_radii=&#8220;on|3px|3px|3px|3px&#8220; box_shadow_style=&#8220;preset1&#8243; box_shadow_vertical=&#8220;52px&#8220; box_shadow_blur=&#8220;80px&#8220; box_shadow_color=&#8220;rgba(0,36,73,0.07)&#8220; locked=&#8220;off&#8220; global_colors_info=&#8220;{}&#8220;][\/et_pb_text][et_pb_button button_text=&#8220;Online-Anmeldung&#8220; _builder_version=&#8220;4.20.4&#8243; _module_preset=&#8220;default&#8220; custom_button=&#8220;on&#8220; button_text_color=&#8220;#FFFFFF&#8220; button_bg_color=&#8220;#720000&#8243; button_border_width=&#8220;0px&#8220; custom_margin=&#8220;-90px||63px|20px|false|false&#8220; global_colors_info=&#8220;{}&#8220;][\/et_pb_button][\/et_pb_column][\/et_pb_row][\/et_pb_section][et_pb_section fb_built=&#8220;1&#8243; prev_background_color=&#8220;#f9f9f9&#8243; admin_label=&#8220;Upcoming Trips&#8220; _builder_version=&#8220;4.20.4&#8243; background_color=&#8220;#FFFFFF&#8220; custom_margin=&#8220;0px||-100px||false|false&#8220; custom_padding=&#8220;70px|0px|200px|0px|false|false&#8220; top_divider_style=&#8220;mountains&#8220; global_colors_info=&#8220;{}&#8220;][et_pb_row _builder_version=&#8220;4.20.4&#8243; _module_preset=&#8220;default&#8220; global_colors_info=&#8220;{}&#8220;][et_pb_column type=&#8220;4_4&#8243; _builder_version=&#8220;4.20.4&#8243; _module_preset=&#8220;default&#8220; global_colors_info=&#8220;{}&#8220;][et_pb_text _builder_version=&#8220;4.20.4&#8243; _module_preset=&#8220;default&#8220; global_colors_info=&#8220;{}&#8220;]<\/p>\n<h2><strong><span style=\"color: #720000;\">Ferienlagerblog 2023<\/span><\/strong><\/h2>\n<p>[\/et_pb_text][\/et_pb_column][\/et_pb_row][et_pb_row disabled_on=&#8220;on|on|on&#8220; admin_label=&#8220;Title Row&#8220; _builder_version=&#8220;4.20.4&#8243; custom_margin=&#8220;0px||||false|false&#8220; custom_padding=&#8220;|||&#8220; disabled=&#8220;on&#8220; global_colors_info=&#8220;{}&#8220;][et_pb_column type=&#8220;4_4&#8243; _builder_version=&#8220;4.16&#8243; custom_padding=&#8220;|||&#8220; global_colors_info=&#8220;{}&#8220; custom_padding__hover=&#8220;|||&#8220;][et_pb_post_slider include_categories=&#8220;5&#8243; _builder_version=&#8220;4.20.4&#8243; _module_preset=&#8220;default&#8220; global_colors_info=&#8220;{}&#8220;][\/et_pb_post_slider][\/et_pb_column][\/et_pb_row][\/et_pb_section][et_pb_section fb_built=&#8220;1&#8243; prev_background_color=&#8220;#FFFFFF&#8220; _builder_version=&#8220;4.20.4&#8243; background_color=&#8220;#FFFFFF&#8220; background_image=&#8220;https:\/\/cjk.nn-digital.de\/wp-content\/uploads\/2022\/11\/cropped-IMG_3706_v2-scaled-1-2.jpg&#8220; height=&#8220;871px&#8220; custom_margin=&#8220;-25px||0px||false|false&#8220; custom_padding=&#8220;40px||196px||false|false&#8220; top_divider_style=&#8220;mountains&#8220; locked=&#8220;off&#8220; global_colors_info=&#8220;{}&#8220;][et_pb_row column_structure=&#8220;1_2,1_2&#8243; _builder_version=&#8220;4.19.2&#8243; width=&#8220;100%&#8220; max_width=&#8220;1280px&#8220; custom_margin=&#8220;257px|auto||auto||&#8220; custom_padding=&#8220;27px|||||&#8220; global_colors_info=&#8220;{}&#8220;][et_pb_column type=&#8220;1_2&#8243; _builder_version=&#8220;4.16&#8243; custom_padding=&#8220;|||&#8220; global_colors_info=&#8220;{}&#8220; custom_padding__hover=&#8220;|||&#8220;][\/et_pb_column][et_pb_column type=&#8220;1_2&#8243; _builder_version=&#8220;4.16&#8243; custom_padding=&#8220;|||&#8220; global_colors_info=&#8220;{}&#8220; custom_padding__hover=&#8220;|||&#8220;][et_pb_cta title=&#8220;Auf geht&#8217;s nach Euskirchen! &#8220; button_text=&#8220;Follow Along!&#8220; _builder_version=&#8220;4.20.4&#8243; header_font=&#8220;|700|||||||&#8220; header_font_size=&#8220;44px&#8220; header_line_height=&#8220;1.5em&#8220; body_font=&#8220;Noto Sans||||||||&#8220; body_font_size=&#8220;17px&#8220; body_line_height=&#8220;2em&#8220; background_color=&#8220;rgba(10,10,10,0.69)&#8220; custom_button=&#8220;on&#8220; button_text_size=&#8220;17px&#8220; button_text_color=&#8220;#ffffff&#8220; button_bg_color=&#8220;#ff6b5a&#8220; button_border_width=&#8220;5px&#8220; button_border_color=&#8220;#ff6b5a&#8220; button_border_radius=&#8220;100px&#8220; button_font=&#8220;|700||on|||||&#8220; button_use_icon=&#8220;off&#8220; text_orientation=&#8220;left&#8220; custom_margin=&#8220;61px|||||&#8220; custom_padding=&#8220;||95px||false|false&#8220; header_font_size_tablet=&#8220;&#8220; header_font_size_phone=&#8220;34px&#8220; header_font_size_last_edited=&#8220;on|phone&#8220; button_text_color_hover=&#8220;#ffffff&#8220; button_border_color_hover=&#8220;#ff9e59&#8243; button_bg_color_hover=&#8220;#ff9e59&#8243; global_colors_info=&#8220;{}&#8220; button_text_size__hover_enabled=&#8220;off&#8220; button_one_text_size__hover_enabled=&#8220;off&#8220; button_two_text_size__hover_enabled=&#8220;off&#8220; button_text_color__hover_enabled=&#8220;on&#8220; button_text_color__hover=&#8220;#ffffff&#8220; button_one_text_color__hover_enabled=&#8220;off&#8220; button_two_text_color__hover_enabled=&#8220;off&#8220; button_border_width__hover_enabled=&#8220;off&#8220; button_one_border_width__hover_enabled=&#8220;off&#8220; button_two_border_width__hover_enabled=&#8220;off&#8220; button_border_color__hover_enabled=&#8220;on&#8220; button_border_color__hover=&#8220;#ff9e59&#8243; button_one_border_color__hover_enabled=&#8220;off&#8220; button_two_border_color__hover_enabled=&#8220;off&#8220; button_border_radius__hover_enabled=&#8220;off&#8220; button_one_border_radius__hover_enabled=&#8220;off&#8220; button_two_border_radius__hover_enabled=&#8220;off&#8220; button_letter_spacing__hover_enabled=&#8220;off&#8220; button_one_letter_spacing__hover_enabled=&#8220;off&#8220; button_two_letter_spacing__hover_enabled=&#8220;off&#8220; button_bg_color__hover_enabled=&#8220;on&#8220; button_bg_color__hover=&#8220;#ff9e59&#8243; button_one_bg_color__hover_enabled=&#8220;off&#8220; button_two_bg_color__hover_enabled=&#8220;off&#8220;]<\/p>\n<p>Am Montag ist es endlich soweit und f\u00fcr uns geht es nach Euskirchen und wir starten in das Ferienlager 2023!\u00a0<\/p>\n<p>[\/et_pb_cta][\/et_pb_column][\/et_pb_row][\/et_pb_section]<\/p>\n","protected":false},"excerpt":{"rendered":"<p>Aktuelles..Das junge und motivierte Betreuerteam des CJK-Ferienlagers erfindet heute sowie damals immer wieder neue und aufregende Programmpunkte. Dadurch bildet es eine gute Mischung aus Tradition und modernen Konzepten, sodass jedes Kind egal ob Junge oder M\u00e4dchen jede Menge Spa\u00df im CJK-Ferienlager erwartet.13 Tage voller Spa\u00df, Abenteuer und unvergesslicher Momente! Begleite uns in unser traumhaftes Ferienlager. [&hellip;]<\/p>\n","protected":false},"author":4,"featured_media":0,"parent":0,"menu_order":0,"comment_status":"closed","ping_status":"closed","template":"","meta":{"_et_pb_use_builder":"on","_et_pb_old_content":"","_et_gb_content_width":"","footnotes":""},"class_list":["post-516","page","type-page","status-publish","hentry"],"_links":{"self":[{"href":"https:\/\/cjk.nn-digital.de\/index.php\/wp-json\/wp\/v2\/pages\/516","targetHints":{"allow":["GET"]}}],"collection":[{"href":"https:\/\/cjk.nn-digital.de\/index.php\/wp-json\/wp\/v2\/pages"}],"about":[{"href":"https:\/\/cjk.nn-digital.de\/index.php\/wp-json\/wp\/v2\/types\/page"}],"author":[{"embeddable":true,"href":"https:\/\/cjk.nn-digital.de\/index.php\/wp-json\/wp\/v2\/users\/4"}],"replies":[{"embeddable":true,"href":"https:\/\/cjk.nn-digital.de\/index.php\/wp-json\/wp\/v2\/comments?post=516"}],"version-history":[{"count":85,"href":"https:\/\/cjk.nn-digital.de\/index.php\/wp-json\/wp\/v2\/pages\/516\/revisions"}],"predecessor-version":[{"id":2335,"href":"https:\/\/cjk.nn-digital.de\/index.php\/wp-json\/wp\/v2\/pages\/516\/revisions\/2335"}],"wp:attachment":[{"href":"https:\/\/cjk.nn-digital.de\/index.php\/wp-json\/wp\/v2\/media?parent=516"}],"curies":[{"name":"wp","href":"https:\/\/api.w.org\/{rel}","templated":true}]}}