{"id":486,"date":"2023-01-18T15:14:22","date_gmt":"2023-01-18T15:14:22","guid":{"rendered":"https:\/\/cjk.nn-digital.de\/?page_id=486"},"modified":"2023-11-02T16:17:39","modified_gmt":"2023-11-02T16:17:39","slug":"ferienlager-2-0","status":"publish","type":"page","link":"https:\/\/cjk.nn-digital.de\/index.php\/ferienlager-2-0\/","title":{"rendered":"Ferienlager 2023"},"content":{"rendered":"<p>[et_pb_section fb_built=&#8220;1&#8243; fullwidth=&#8220;on&#8220; next_background_color=&#8220;#f9f9f9&#8243; admin_label=&#8220;Header&#8220; _builder_version=&#8220;4.19.2&#8243; background_color=&#8220;#f9f9f9&#8243; background_image=&#8220;https:\/\/cjk.nn-digital.de\/wp-content\/uploads\/2023\/01\/Haus1.JPG_1063765782.jpg&#8220; parallax=&#8220;on&#8220; parallax_method=&#8220;off&#8220; background_blend=&#8220;hue&#8220; height=&#8220;100vh&#8220; max_height=&#8220;655px&#8220; custom_margin=&#8220;||-191px|||&#8220; custom_padding=&#8220;0px|0|0px|0px|false|false&#8220; bottom_divider_style=&#8220;mountains&#8220; locked=&#8220;off&#8220; global_colors_info=&#8220;{}&#8220;][et_pb_fullwidth_header title=&#8220;Ferienlager 2024&#8243; _builder_version=&#8220;4.19.2&#8243; _module_preset=&#8220;default&#8220; title_font=&#8220;|700|||||||&#8220; title_text_align=&#8220;center&#8220; title_font_size=&#8220;85px&#8220; background_color=&#8220;RGBA(255,255,255,0)&#8220; custom_padding=&#8220;345px||||false|false&#8220; global_colors_info=&#8220;{}&#8220;][\/et_pb_fullwidth_header][\/et_pb_section][et_pb_section fb_built=&#8220;1&#8243; next_background_color=&#8220;#ffffff&#8220; _builder_version=&#8220;4.20.4&#8243; background_color=&#8220;#f9f9f9&#8243; custom_margin=&#8220;0px||||false|false&#8220; custom_padding=&#8220;|||&#8220; bottom_divider_style=&#8220;mountains&#8220; locked=&#8220;off&#8220; global_colors_info=&#8220;{}&#8220;][et_pb_row column_structure=&#8220;1_2,1_2&#8243; _builder_version=&#8220;4.19.2&#8243; max_width=&#8220;1280px&#8220; custom_padding=&#8220;4px|||||&#8220; global_colors_info=&#8220;{}&#8220;][et_pb_column type=&#8220;1_2&#8243; _builder_version=&#8220;4.16&#8243; custom_padding=&#8220;|||&#8220; global_colors_info=&#8220;{}&#8220; custom_padding__hover=&#8220;|||&#8220;][et_pb_text _builder_version=&#8220;4.20.4&#8243; _module_preset=&#8220;default&#8220; text_font=&#8220;||||||||&#8220; text_line_height=&#8220;2em&#8220; header_2_font=&#8220;|600|||||||&#8220; header_2_font_size=&#8220;36px&#8220; header_2_line_height=&#8220;1.5em&#8220; hover_enabled=&#8220;0&#8243; global_colors_info=&#8220;{}&#8220; sticky_enabled=&#8220;0&#8243;]<\/p>\n<h2>Alles rund um das<br \/>Ferienlager 2024<\/h2>\n<p><span data-contrast=\"auto\">Unser Ferienlager 2024 findet vom 29.07. &#8211; 11.08.2024 (vierte und f\u00fcnfte Sommerferienlagerwoche) statt.<\/span><span data-ccp-props=\"{&quot;201341983&quot;:0,&quot;335559740&quot;:276}\">\u00a0<\/span><\/p>\n<p><span data-contrast=\"auto\">Daf\u00fcr fahren wir in eine neue Jugendherberge in H\u00f6xter. Das Haus bietet uns gen\u00fcgend Platz f\u00fcr bis zu 60 Kinder im Alter von 9 bis 15 Jahren und ca. 14 Betreuer. Umrundet von W\u00e4ldern und einer bergigen Landschaft liegt die Einrichtung am Rande von NRW in direkter N\u00e4he zu der Stadt H\u00f6xter, durch die die Weser flie\u00dft. Insgesamt kann das Haus bis zu 136 G\u00e4ste in 10 Einzel- oder Doppelzimmern und 29 Mehrbettzimmern mit bis zu acht Betten beherbergen. Im Erdgeschoss befindet sich die ger\u00e4umige K\u00fcche und die beiden S\u00e4le, die als Gemeinschaft- oder Speisesaal genutzt werden k\u00f6nnen. Die Au\u00dfenanlagen verf\u00fcgt \u00fcber eine gro\u00dfe Wiesenfl\u00e4che, einen kleinen Fu\u00dfballplatz und eine Grillh\u00fctte.\u00a0<\/span><span data-ccp-props=\"{&quot;201341983&quot;:0,&quot;335559740&quot;:276}\">\u00a0<\/span><\/p>\n<p><span data-contrast=\"auto\">Auch der umliegende Wald bietet uns eine genug Fl\u00e4che f\u00fcr Au\u00dfenaktivit\u00e4ten. Der Godelheimer See, sowie ein Hallenbad, welche beide fu\u00dfl\u00e4ufig zu erreichen sind, erm\u00f6glichen uns auch im n\u00e4chsten Jahr wieder Schwimmbadausfl\u00fcge.\u00a0<\/span><span data-ccp-props=\"{&quot;201341983&quot;:0,&quot;335559740&quot;:276}\">\u00a0<\/span><\/p>\n<p><span data-contrast=\"auto\">Somit bietet die Jugendherberge alles, was wir f\u00fcr unser abwechslungsreiches Programm brauchen.<\/span><span data-ccp-props=\"{&quot;201341983&quot;:0,&quot;335559740&quot;:276}\">\u00a0<\/span><\/p>\n<p>&nbsp;<\/p>\n<p>[\/et_pb_text][et_pb_button button_text=&#8220;Online Anmeldung 2023&#8243; _builder_version=&#8220;4.19.2&#8243; _module_preset=&#8220;default&#8220; custom_button=&#8220;on&#8220; button_text_color=&#8220;#ffffff&#8220; button_bg_color=&#8220;#a61e22&#8243; custom_margin=&#8220;||50px||false|false&#8220; global_colors_info=&#8220;{}&#8220;][\/et_pb_button][\/et_pb_column][et_pb_column type=&#8220;1_2&#8243; _builder_version=&#8220;4.16&#8243; custom_padding=&#8220;|||&#8220; global_colors_info=&#8220;{}&#8220; custom_padding__hover=&#8220;|||&#8220;][et_pb_image src=&#8220;https:\/\/cjk.nn-digital.de\/wp-content\/uploads\/2023\/01\/Luftblick_JBS.jpg_1063765782-1.jpg&#8220; title_text=&#8220;Luftblick_JBS.jpg_1063765782 (1)&#8220; _builder_version=&#8220;4.19.2&#8243; _module_preset=&#8220;default&#8220; custom_margin=&#8220;15px||||false|false&#8220; global_colors_info=&#8220;{}&#8220;][\/et_pb_image][et_pb_image src=&#8220;https:\/\/cjk.nn-digital.de\/wp-content\/uploads\/2023\/01\/DSC_7701.jpg&#8220; title_text=&#8220;DSC_7701&#8243; _builder_version=&#8220;4.19.2&#8243; _module_preset=&#8220;default&#8220; global_colors_info=&#8220;{}&#8220;][\/et_pb_image][\/et_pb_column][\/et_pb_row][\/et_pb_section][et_pb_section fb_built=&#8220;1&#8243; _builder_version=&#8220;4.19.2&#8243; background_enable_color=&#8220;off&#8220; min_height=&#8220;1305.5px&#8220; custom_margin=&#8220;0px||||false|false&#8220; custom_padding=&#8220;|||&#8220; locked=&#8220;off&#8220; global_colors_info=&#8220;{}&#8220;][et_pb_row column_structure=&#8220;1_4,1_4,1_2&#8243; use_custom_gutter=&#8220;on&#8220; gutter_width=&#8220;2&#8243; disabled_on=&#8220;off|off|off&#8220; _builder_version=&#8220;4.19.2&#8243; width=&#8220;100%&#8220; max_width=&#8220;100%&#8220; custom_margin=&#8220;50px||||false|false&#8220; custom_padding=&#8220;|||&#8220; use_custom_width=&#8220;on&#8220; width_unit=&#8220;off&#8220; custom_width_percent=&#8220;100%&#8220; global_colors_info=&#8220;{}&#8220;][et_pb_column type=&#8220;1_4&#8243; _builder_version=&#8220;4.16&#8243; custom_padding=&#8220;100px|||&#8220; global_colors_info=&#8220;{}&#8220; custom_padding__hover=&#8220;|||&#8220;][et_pb_image src=&#8220;https:\/\/cjk.nn-digital.de\/wp-content\/uploads\/2023\/01\/Fruehstueck-CJK.jpg&#8220; title_text=&#8220;Fr\u00fchst\u00fcck CJK&#8220; force_fullwidth=&#8220;on&#8220; align_tablet=&#8220;center&#8220; align_phone=&#8220;center&#8220; align_last_edited=&#8220;on|desktop&#8220; _builder_version=&#8220;4.19.2&#8243; background_enable_color=&#8220;off&#8220; max_width_last_edited=&#8220;off|desktop&#8220; module_alignment=&#8220;left&#8220; custom_margin=&#8220;|||&#8220; custom_margin_tablet=&#8220;0px|||&#8220; custom_margin_last_edited=&#8220;off|desktop&#8220; animation_direction=&#8220;top&#8220; global_colors_info=&#8220;{}&#8220;][\/et_pb_image][\/et_pb_column][et_pb_column type=&#8220;1_4&#8243; _builder_version=&#8220;4.16&#8243; custom_padding=&#8220;|||&#8220; global_colors_info=&#8220;{}&#8220; custom_padding__hover=&#8220;|||&#8220;][et_pb_image src=&#8220;https:\/\/cjk.nn-digital.de\/wp-content\/uploads\/2023\/01\/DSC_7886-2-684&#215;1024-1.jpg&#8220; title_text=&#8220;DSC_7886-2-684&#215;1024 (1)&#8220; force_fullwidth=&#8220;on&#8220; align_tablet=&#8220;center&#8220; align_phone=&#8220;center&#8220; align_last_edited=&#8220;on|desktop&#8220; _builder_version=&#8220;4.19.2&#8243; max_width_last_edited=&#8220;off|desktop&#8220; module_alignment=&#8220;left&#8220; custom_margin=&#8220;|||&#8220; animation_style=&#8220;slide&#8220; animation_direction=&#8220;bottom&#8220; animation_intensity_slide=&#8220;6%&#8220; box_shadow_style=&#8220;preset1&#8243; box_shadow_vertical=&#8220;52px&#8220; box_shadow_blur=&#8220;80px&#8220; box_shadow_color=&#8220;rgba(0,36,73,0.07)&#8220; global_colors_info=&#8220;{}&#8220;][\/et_pb_image][\/et_pb_column][et_pb_column type=&#8220;1_2&#8243; _builder_version=&#8220;4.16&#8243; custom_padding=&#8220;100px|100px||&#8220; custom_padding_tablet=&#8220;10%|10%||10%||true&#8220; custom_padding_phone=&#8220;10%|10%||10%||true&#8220; custom_padding_last_edited=&#8220;on|tablet&#8220; global_colors_info=&#8220;{}&#8220; custom_padding__hover=&#8220;|||&#8220;][et_pb_text _builder_version=&#8220;4.19.2&#8243; text_font=&#8220;Noto Sans||||||||&#8220; text_font_size=&#8220;17px&#8220; text_line_height=&#8220;2em&#8220; link_font=&#8220;||||||||&#8220; ul_font=&#8220;||||||||&#8220; ol_font=&#8220;||||||||&#8220; quote_font=&#8220;||||||||&#8220; header_font=&#8220;||||||||&#8220; header_text_align=&#8220;center&#8220; header_2_font=&#8220;Noto Serif|700|||||||&#8220; header_2_font_size=&#8220;44px&#8220; header_2_line_height=&#8220;1.5em&#8220; header_3_font=&#8220;||||||||&#8220; max_width=&#8220;600px&#8220; max_width_tablet=&#8220;&#8220; max_width_phone=&#8220;&#8220; max_width_last_edited=&#8220;on|phone&#8220; module_alignment=&#8220;center&#8220; custom_margin=&#8220;-17px||||false|false&#8220; custom_padding=&#8220;|||&#8220; header_2_font_size_tablet=&#8220;&#8220; header_2_font_size_phone=&#8220;34px&#8220; header_2_font_size_last_edited=&#8220;on|phone&#8220; global_colors_info=&#8220;{}&#8220;]<\/p>\n<h2>Leistungen<\/h2>\n<ul>\n<li>Vollpension in einer Ferien- und Tagungsst\u00e4tte<\/li>\n<li>13 \u00dcbernachtungen (monatgs bis Ssnntags)<\/li>\n<li>Vollverpflegung inkl. Getr\u00e4nke<\/li>\n<li>Hin- und R\u00fcckreise im Reisebus<\/li>\n<li>,,Rund um die Uhr Betreuung&#8220; und Programmgestaltung<br \/>durch das Betreuerteam der CJK<\/li>\n<li>Schwimmausflug<\/li>\n<\/ul>\n<p>[\/et_pb_text][et_pb_text _builder_version=&#8220;4.19.2&#8243; text_font=&#8220;Noto Sans||||||||&#8220; text_font_size=&#8220;17px&#8220; text_line_height=&#8220;2em&#8220; link_font=&#8220;||||||||&#8220; ul_font=&#8220;||||||||&#8220; ol_font=&#8220;||||||||&#8220; quote_font=&#8220;||||||||&#8220; header_font=&#8220;||||||||&#8220; header_text_align=&#8220;center&#8220; header_2_font=&#8220;Noto Serif|700|||||||&#8220; header_2_font_size=&#8220;44px&#8220; header_2_line_height=&#8220;1.5em&#8220; header_3_font=&#8220;||||||||&#8220; max_width=&#8220;600px&#8220; max_width_tablet=&#8220;&#8220; max_width_phone=&#8220;&#8220; max_width_last_edited=&#8220;on|phone&#8220; module_alignment=&#8220;center&#8220; custom_margin=&#8220;|||&#8220; custom_padding=&#8220;|||&#8220; header_2_font_size_tablet=&#8220;&#8220; header_2_font_size_phone=&#8220;34px&#8220; header_2_font_size_last_edited=&#8220;on|phone&#8220; global_colors_info=&#8220;{}&#8220;]<\/p>\n<h2>Reisepreis<\/h2>\n<p>Ferienlager 2023: 430,00\u20ac* (exklusive Taschengeld in H\u00f6he von&#8230;.)<br \/>F\u00fcr Geschwisterkinder erhalten Sie einen Rabatt von 100,00\u20ac.\u00a0<\/p>\n<p>[\/et_pb_text][et_pb_text _builder_version=&#8220;4.19.2&#8243; text_font=&#8220;Noto Sans||||||||&#8220; text_font_size=&#8220;14px&#8220; text_line_height=&#8220;2em&#8220; link_font=&#8220;||||||||&#8220; ul_font=&#8220;||||||||&#8220; ol_font=&#8220;||||||||&#8220; quote_font=&#8220;||||||||&#8220; header_font=&#8220;||||||||&#8220; header_text_align=&#8220;center&#8220; header_2_font=&#8220;Noto Serif|700|||||||&#8220; header_2_font_size=&#8220;44px&#8220; header_2_line_height=&#8220;1.5em&#8220; header_3_font=&#8220;||||||||&#8220; max_width=&#8220;600px&#8220; max_width_tablet=&#8220;&#8220; max_width_phone=&#8220;&#8220; max_width_last_edited=&#8220;on|phone&#8220; module_alignment=&#8220;center&#8220; custom_margin=&#8220;|||&#8220; custom_padding=&#8220;|||&#8220; header_2_font_size_tablet=&#8220;&#8220; header_2_font_size_phone=&#8220;34px&#8220; header_2_font_size_last_edited=&#8220;on|phone&#8220; global_colors_info=&#8220;{}&#8220;]<\/p>\n<h2><\/h2>\n<p><em>*Uns ist bewusst, dass der Reisepreis verglichen mit anderen Ferienangeboten hoch ist. Unser CJK- Ferienlager besucht allerdings eine Jugendherberge mit Vollverpflegung, getrennten Mehrbettzimmern und verschiedenen Gruppenr\u00e4umen. Dar\u00fcber hinaus planen wir Morgens, Mittags und Abends ein abwechslungsreiches Programm. Unser Ziel ist es den Reisepreis so niedrig wie m\u00f6glich zuhalten. Leider m\u00fcssen wir, auf Grund des kontinuierlichen Anstiegs der Kosten, auch unseren Reisepreis anpassen. Bei Finanzierungsproblemen d\u00fcrfen Sie sich gerne bei uns melden und wir versuchen eine gemeinsame L\u00f6sung zu finden.<\/em><\/p>\n<p>[\/et_pb_text][\/et_pb_column][\/et_pb_row][\/et_pb_section]<\/p>\n","protected":false},"excerpt":{"rendered":"<p>Alles rund um dasFerienlager 2024 Unser Ferienlager 2024 findet vom 29.07. &#8211; 11.08.2024 (vierte und f\u00fcnfte Sommerferienlagerwoche) statt.\u00a0 Daf\u00fcr fahren wir in eine neue Jugendherberge in H\u00f6xter. Das Haus bietet uns gen\u00fcgend Platz f\u00fcr bis zu 60 Kinder im Alter von 9 bis 15 Jahren und ca. 14 Betreuer. Umrundet von W\u00e4ldern und einer bergigen [&hellip;]<\/p>\n","protected":false},"author":4,"featured_media":0,"parent":0,"menu_order":0,"comment_status":"closed","ping_status":"closed","template":"","meta":{"_et_pb_use_builder":"on","_et_pb_old_content":"","_et_gb_content_width":"","footnotes":""},"class_list":["post-486","page","type-page","status-publish","hentry"],"_links":{"self":[{"href":"https:\/\/cjk.nn-digital.de\/index.php\/wp-json\/wp\/v2\/pages\/486","targetHints":{"allow":["GET"]}}],"collection":[{"href":"https:\/\/cjk.nn-digital.de\/index.php\/wp-json\/wp\/v2\/pages"}],"about":[{"href":"https:\/\/cjk.nn-digital.de\/index.php\/wp-json\/wp\/v2\/types\/page"}],"author":[{"embeddable":true,"href":"https:\/\/cjk.nn-digital.de\/index.php\/wp-json\/wp\/v2\/users\/4"}],"replies":[{"embeddable":true,"href":"https:\/\/cjk.nn-digital.de\/index.php\/wp-json\/wp\/v2\/comments?post=486"}],"version-history":[{"count":43,"href":"https:\/\/cjk.nn-digital.de\/index.php\/wp-json\/wp\/v2\/pages\/486\/revisions"}],"predecessor-version":[{"id":2291,"href":"https:\/\/cjk.nn-digital.de\/index.php\/wp-json\/wp\/v2\/pages\/486\/revisions\/2291"}],"wp:attachment":[{"href":"https:\/\/cjk.nn-digital.de\/index.php\/wp-json\/wp\/v2\/media?parent=486"}],"curies":[{"name":"wp","href":"https:\/\/api.w.org\/{rel}","templated":true}]}}