{"id":1683,"date":"2023-05-03T09:08:39","date_gmt":"2023-05-03T09:08:39","guid":{"rendered":"https:\/\/cjk.nn-digital.de\/?page_id=1683"},"modified":"2023-07-12T12:36:26","modified_gmt":"2023-07-12T12:36:26","slug":"unser-ferienlager","status":"publish","type":"page","link":"https:\/\/cjk.nn-digital.de\/index.php\/unser-ferienlager\/","title":{"rendered":"Unser Ferienlager"},"content":{"rendered":"<p>[et_pb_section fb_built=&#8220;1&#8243; fullwidth=&#8220;on&#8220; next_background_color=&#8220;#ffffff&#8220; admin_label=&#8220;Header&#8220; _builder_version=&#8220;4.20.4&#8243; background_enable_color=&#8220;off&#8220; background_image=&#8220;https:\/\/cjk.nn-digital.de\/wp-content\/uploads\/2023\/01\/pexels-ds-stories-9227494.jpg&#8220; parallax=&#8220;on&#8220; custom_padding=&#8220;0px|0|0px|0px|false|false&#8220; bottom_divider_style=&#8220;mountains&#8220; bottom_divider_height=&#8220;70px&#8220; locked=&#8220;off&#8220; global_colors_info=&#8220;{}&#8220;][et_pb_fullwidth_header title=&#8220;Unser Ferienlager&#8220; text_orientation=&#8220;center&#8220; background_overlay_color=&#8220;rgba(83,90,128,0.3)&#8220; content_max_width=&#8220;90%&#8220; _builder_version=&#8220;4.20.4&#8243; title_font=&#8220;Manjari|700|||||||&#8220; title_text_align=&#8220;center&#8220; title_font_size=&#8220;70px&#8220; title_line_height=&#8220;1.1em&#8220; content_font=&#8220;Noto Sans||||||||&#8220; content_line_height=&#8220;2em&#8220; subhead_font=&#8220;Noto Sans||||||||&#8220; subhead_text_align=&#8220;center&#8220; subhead_font_size=&#8220;30px&#8220; subhead_line_height=&#8220;2em&#8220; background_enable_color=&#8220;off&#8220; background_image=&#8220;https:\/\/cjk.nn-digital.de\/wp-content\/uploads\/2023\/01\/IMG_3162.jpg&#8220; custom_button_one=&#8220;on&#8220; button_one_text_size=&#8220;17px&#8220; button_one_text_color=&#8220;#ffffff&#8220; button_one_bg_color=&#8220;#ff6b5a&#8220; button_one_border_width=&#8220;7px&#8220; button_one_border_color=&#8220;#ff6b5a&#8220; button_one_border_radius=&#8220;100px&#8220; button_one_font=&#8220;Noto Sans|700||on|||||&#8220; button_one_use_icon=&#8220;off&#8220; custom_margin=&#8220;|||&#8220; custom_padding=&#8220;110px||110px||true&#8220; custom_padding_tablet=&#8220;100px|||&#8220; custom_padding_phone=&#8220;&#8220; custom_padding_last_edited=&#8220;on|phone&#8220; animation_style=&#8220;fade&#8220; animation_direction=&#8220;top&#8220; title_font_size_tablet=&#8220;40px&#8220; title_font_size_phone=&#8220;&#8220; title_font_size_last_edited=&#8220;on|tablet&#8220; subhead_font_size_tablet=&#8220;&#8220; subhead_font_size_phone=&#8220;20px&#8220; subhead_font_size_last_edited=&#8220;on|desktop&#8220; subhead_line_height_tablet=&#8220;&#8220; subhead_line_height_phone=&#8220;1.5em&#8220; subhead_line_height_last_edited=&#8220;on|phone&#8220; button_one_text_color_hover=&#8220;#ffffff&#8220; button_one_border_color_hover=&#8220;#ff9e59&#8243; button_one_border_radius_hover=&#8220;100px&#8220; button_one_bg_color_hover=&#8220;#ff9e59&#8243; global_colors_info=&#8220;{}&#8220; button_one_text_size__hover_enabled=&#8220;off&#8220; button_two_text_size__hover_enabled=&#8220;off&#8220; button_one_text_color__hover_enabled=&#8220;on&#8220; button_one_text_color__hover=&#8220;#ffffff&#8220; button_two_text_color__hover_enabled=&#8220;off&#8220; button_one_border_width__hover_enabled=&#8220;off&#8220; button_two_border_width__hover_enabled=&#8220;off&#8220; button_one_border_color__hover_enabled=&#8220;on&#8220; button_one_border_color__hover=&#8220;#ff9e59&#8243; button_two_border_color__hover_enabled=&#8220;off&#8220; button_one_border_radius__hover_enabled=&#8220;on&#8220; button_one_border_radius__hover=&#8220;100px&#8220; button_two_border_radius__hover_enabled=&#8220;off&#8220; button_one_letter_spacing__hover_enabled=&#8220;off&#8220; button_two_letter_spacing__hover_enabled=&#8220;off&#8220; button_one_bg_color__hover_enabled=&#8220;on&#8220; button_one_bg_color__hover=&#8220;#ff9e59&#8243; button_two_bg_color__hover_enabled=&#8220;off&#8220;][\/et_pb_fullwidth_header][\/et_pb_section][et_pb_section fb_built=&#8220;1&#8243; disabled_on=&#8220;off|off|off&#8220; _builder_version=&#8220;4.20.4&#8243; _module_preset=&#8220;default&#8220; custom_margin=&#8220;||||false|false&#8220; custom_margin_tablet=&#8220;||||false|false&#8220; custom_margin_phone=&#8220;0px||||false|false&#8220; custom_margin_last_edited=&#8220;on|phone&#8220; custom_padding=&#8220;||||false|false&#8220; global_colors_info=&#8220;{}&#8220;][et_pb_row column_structure=&#8220;1_2,1_2&#8243; _builder_version=&#8220;4.20.4&#8243; _module_preset=&#8220;default&#8220; width=&#8220;100%&#8220; height=&#8220;335px&#8220; custom_margin=&#8220;25px||-25px||false|false&#8220; custom_margin_tablet=&#8220;||75px||false|false&#8220; custom_margin_phone=&#8220;||100px||false|false&#8220; custom_margin_last_edited=&#8220;on|phone&#8220; global_colors_info=&#8220;{}&#8220;][et_pb_column type=&#8220;1_2&#8243; _builder_version=&#8220;4.20.4&#8243; _module_preset=&#8220;default&#8220; global_colors_info=&#8220;{}&#8220;][et_pb_image src=&#8220;https:\/\/cjk.nn-digital.de\/wp-content\/uploads\/2022\/11\/CJK-Ferienlager-Logo.jpg&#8220; title_text=&#8220;CJK Ferienlager Logo&#8220; disabled_on=&#8220;off|off|off&#8220; _builder_version=&#8220;4.20.4&#8243; _module_preset=&#8220;default&#8220; width=&#8220;80%&#8220; custom_margin_tablet=&#8220;|25px||25px|false|true&#8220; custom_margin_phone=&#8220;|15px||15px|false|true&#8220; custom_margin_last_edited=&#8220;on|phone&#8220; custom_padding=&#8220;||||false|false&#8220; global_colors_info=&#8220;{}&#8220;][\/et_pb_image][\/et_pb_column][et_pb_column type=&#8220;1_2&#8243; _builder_version=&#8220;4.20.4&#8243; _module_preset=&#8220;default&#8220; global_colors_info=&#8220;{}&#8220;][et_pb_text _builder_version=&#8220;4.20.4&#8243; _module_preset=&#8220;default&#8220; text_font=&#8220;Manjari||||||||&#8220; text_line_height=&#8220;2em&#8220; header_font=&#8220;|700|||||||&#8220; header_text_color=&#8220;#9e1009&#8243; background_enable_color=&#8220;off&#8220; width=&#8220;100%&#8220; max_width=&#8220;90%&#8220; module_alignment=&#8220;center&#8220; min_height_tablet=&#8220;&#8220; min_height_phone=&#8220;&#8220; min_height_last_edited=&#8220;on|desktop&#8220; custom_margin=&#8220;||||false|false&#8220; custom_margin_tablet=&#8220;||||false|false&#8220; custom_margin_phone=&#8220;||||false|false&#8220; custom_margin_last_edited=&#8220;on|phone&#8220; custom_padding=&#8220;||||false|false&#8220; inline_fonts=&#8220;Actor,Josefin Sans,Manjari&#8220; global_colors_info=&#8220;{}&#8220;]<\/p>\n<p><span style=\"font-family: Manjari; font-weight: normal; color: #720000;\"><strong><span style=\"font-size: xx-large;\">Die CJK<\/span><\/strong><\/span><\/p>\n<p><span>Die Christliche Jugend Kranenburg (CJK) ist ein Teil der Pfarrgemeinde St. Peter und Paul Kranenburg und f\u00fchrt seit 1978 jeden Sommer eine zweiw\u00f6chige Ferienfreizeit durch.<\/span><\/p>\n<p>[\/et_pb_text][\/et_pb_column][\/et_pb_row][\/et_pb_section][et_pb_section fb_built=&#8220;1&#8243; prev_background_color=&#8220;#ffffff&#8220; _builder_version=&#8220;4.20.4&#8243; _module_preset=&#8220;default&#8220; background_color=&#8220;#f9f9f9&#8243; custom_margin=&#8220;||||false|false&#8220; custom_margin_tablet=&#8220;||||false|false&#8220; custom_margin_phone=&#8220;||||false|false&#8220; custom_margin_last_edited=&#8220;on|tablet&#8220; custom_padding=&#8220;||||false|false&#8220; top_divider_style=&#8220;mountains&#8220; global_colors_info=&#8220;{}&#8220;][et_pb_row column_structure=&#8220;1_2,1_2&#8243; disabled_on=&#8220;off|off|off&#8220; _builder_version=&#8220;4.20.4&#8243; _module_preset=&#8220;default&#8220; width=&#8220;100%&#8220; custom_margin=&#8220;||||false|false&#8220; global_colors_info=&#8220;{}&#8220;][et_pb_column type=&#8220;1_2&#8243; _builder_version=&#8220;4.20.4&#8243; _module_preset=&#8220;default&#8220; global_colors_info=&#8220;{}&#8220;][et_pb_image src=&#8220;https:\/\/cjk.nn-digital.de\/wp-content\/uploads\/2023\/05\/20424739.png&#8220; title_text=&#8220;20424739&#8243; disabled_on=&#8220;off|on|on&#8220; _builder_version=&#8220;4.20.4&#8243; _module_preset=&#8220;default&#8220; width=&#8220;60%&#8220; width_tablet=&#8220;40%&#8220; width_phone=&#8220;25%&#8220; width_last_edited=&#8220;on|phone&#8220; module_alignment=&#8220;center&#8220; custom_margin=&#8220;||||false|false&#8220; custom_margin_tablet=&#8220;|25px||25px|false|false&#8220; custom_margin_phone=&#8220;|15px||15px|false|true&#8220; custom_margin_last_edited=&#8220;on|phone&#8220; global_colors_info=&#8220;{}&#8220;][\/et_pb_image][et_pb_text _builder_version=&#8220;4.20.4&#8243; _module_preset=&#8220;default&#8220; text_font=&#8220;Manjari||||||||&#8220; text_line_height=&#8220;2em&#8220; header_font=&#8220;|700|||||||&#8220; header_text_color=&#8220;#9e1009&#8243; background_enable_color=&#8220;off&#8220; min_height=&#8220;420px&#8220; custom_margin=&#8220;||||false|false&#8220; custom_margin_tablet=&#8220;|25px||25px|false|true&#8220; custom_margin_phone=&#8220;|15px||15px|false|true&#8220; custom_margin_last_edited=&#8220;on|phone&#8220; custom_padding=&#8220;||||false|false&#8220; inline_fonts=&#8220;Actor,Josefin Sans,Manjari&#8220; global_colors_info=&#8220;{}&#8220;]<\/p>\n<p><span style=\"font-family: Manjari; font-weight: normal; color: #720000;\"><strong><span style=\"font-size: xx-large;\">Die Idee<\/span><\/strong><\/span><\/p>\n<p><span>Die Idee vom CJK Ferienlager hatte Walter Blenker, welcher zur damaligen Zeit Pastoralassistent in Kranenburg gewesen ist. Dabei wollte er, dass Kinder im CJK-Ferienlager \u00fcber einen l\u00e4ngeren Zeitraum erreicht und mit neuen kreativen Impulsen versehen werden k\u00f6nnen. Durch viel Einsatz und Aufwand ist es ihm gelungen, das CJK Ferienlager zu gr\u00fcnden.<br \/>Daraufhin steckten Walter Blenker und Heike Tekath mit einem jungen und motivierten Betreuerteam viel Arbeit in das Entwickeln von Programmpunkten und Konzepten, welche zum Teil sogar heute noch Lagertradition und fester Bestandteil des Ferienlagers sind.<\/span><\/p>\n<p>[\/et_pb_text][\/et_pb_column][et_pb_column type=&#8220;1_2&#8243; _builder_version=&#8220;4.20.4&#8243; _module_preset=&#8220;default&#8220; global_colors_info=&#8220;{}&#8220;][et_pb_image src=&#8220;https:\/\/cjk.nn-digital.de\/wp-content\/uploads\/2023\/05\/20424739.png&#8220; title_text=&#8220;20424739&#8243; disabled_on=&#8220;on|on|off&#8220; _builder_version=&#8220;4.20.4&#8243; _module_preset=&#8220;default&#8220; width=&#8220;60%&#8220; width_tablet=&#8220;40%&#8220; width_phone=&#8220;25%&#8220; width_last_edited=&#8220;on|phone&#8220; module_alignment=&#8220;center&#8220; custom_margin=&#8220;||||false|false&#8220; custom_margin_tablet=&#8220;|25px||25px|false|false&#8220; custom_margin_phone=&#8220;|15px||15px|false|true&#8220; custom_margin_last_edited=&#8220;on|phone&#8220; global_colors_info=&#8220;{}&#8220;][\/et_pb_image][\/et_pb_column][\/et_pb_row][\/et_pb_section][et_pb_section fb_built=&#8220;1&#8243; prev_background_color=&#8220;#f9f9f9&#8243; _builder_version=&#8220;4.20.4&#8243; _module_preset=&#8220;default&#8220; custom_margin=&#8220;||||false|false&#8220; custom_padding=&#8220;||||false|false&#8220; top_divider_style=&#8220;mountains&#8220; global_colors_info=&#8220;{}&#8220;][et_pb_row column_structure=&#8220;1_2,1_2&#8243; _builder_version=&#8220;4.20.4&#8243; _module_preset=&#8220;default&#8220; width=&#8220;auto&#8220; custom_margin=&#8220;80px|auto||auto|false|false&#8220; custom_margin_tablet=&#8220;0px||||false|false&#8220; custom_margin_phone=&#8220;0px||||false|false&#8220; custom_margin_last_edited=&#8220;on|phone&#8220; global_colors_info=&#8220;{}&#8220;][et_pb_column type=&#8220;1_2&#8243; _builder_version=&#8220;4.20.4&#8243; _module_preset=&#8220;default&#8220; global_colors_info=&#8220;{}&#8220;][et_pb_image src=&#8220;https:\/\/cjk.nn-digital.de\/wp-content\/uploads\/2023\/05\/Suess-Foto-Frauenrechte-Social-Media-Post-11.png&#8220; title_text=&#8220;S\u00fc\u00df Foto Frauenrechte Social Media-Post (11)&#8220; disabled_on=&#8220;off|on|off&#8220; _builder_version=&#8220;4.20.4&#8243; _module_preset=&#8220;default&#8220; custom_margin_tablet=&#8220;|25px||25px|false|true&#8220; custom_margin_phone=&#8220;|15px||15px|false|true&#8220; custom_margin_last_edited=&#8220;on|phone&#8220; global_colors_info=&#8220;{}&#8220;][\/et_pb_image][\/et_pb_column][et_pb_column type=&#8220;1_2&#8243; _builder_version=&#8220;4.20.4&#8243; _module_preset=&#8220;default&#8220; global_colors_info=&#8220;{}&#8220;][et_pb_text _builder_version=&#8220;4.20.4&#8243; _module_preset=&#8220;default&#8220; text_line_height=&#8220;2em&#8220; header_font=&#8220;|700|||||||&#8220; header_text_color=&#8220;#9e1009&#8243; background_enable_color=&#8220;off&#8220; min_height=&#8220;420px&#8220; custom_margin=&#8220;||||false|false&#8220; custom_margin_tablet=&#8220;|25px||25px|false|true&#8220; custom_margin_phone=&#8220;|20px||20px|false|true&#8220; custom_margin_last_edited=&#8220;on|desktop&#8220; custom_padding=&#8220;||||false|false&#8220; inline_fonts=&#8220;Actor,Josefin Sans,Manjari&#8220; global_colors_info=&#8220;{}&#8220;]<\/p>\n<p><span style=\"font-family: Manjari; font-weight: normal; color: #720000;\"><strong><span style=\"font-size: xx-large;\">Fr\u00fcher vs. Heute<\/span><\/strong><\/span><\/p>\n<p><span>Heute ist es \u00fcblich, dass wir zwei Wochen ins Ferienlager fahren, doch damals war das Lager ein dreiw\u00f6chiges Erlebnis f\u00fcr M\u00e4dchen und Jungen. Dies ist nicht der einzige Unterschied. Heute sind getrennte Jungen- und M\u00e4dchen-Flure Standardausstattung f\u00fcr das Ferienlager, w\u00e4hrend die Teilnehmerinnen und Teilnehmer und die Betreuerinnen und Betreuer 1978 in Sch\u00fctzenhallen unter kamen, sodass die Betreuerinnen und Betreuer provisorische Trennw\u00e4nde aus W\u00e4scheleinen und anderen Utensilien bauen mussten, um die M\u00e4dchen von den Jungen zu trennen. Wobei die Betreuer auf der B\u00fchne in den Sch\u00fctzenhallen schliefen, wo gleichzeitig auch das geplante Programm stattgefunden hat. Damals bereiteten noch extra mitgefahrene \u201eKochmuttis\u201c das Essen f\u00fcr alle zu. Dadurch wurde sichergestellt, dass immer leckeres Essen f\u00fcr alle Teilnehmer zu Verf\u00fcgung stehen konnten.<\/span><\/p>\n<p>[\/et_pb_text][\/et_pb_column][\/et_pb_row][\/et_pb_section][et_pb_section fb_built=&#8220;1&#8243; prev_background_color=&#8220;#ffffff&#8220; next_background_color=&#8220;#ffffff&#8220; _builder_version=&#8220;4.20.4&#8243; _module_preset=&#8220;default&#8220; background_color=&#8220;#f9f9f9&#8243; custom_margin=&#8220;||||false|false&#8220; custom_padding=&#8220;||||false|false&#8220; top_divider_style=&#8220;mountains&#8220; bottom_divider_style=&#8220;mountains&#8220; global_colors_info=&#8220;{}&#8220;][et_pb_row column_structure=&#8220;1_2,1_2&#8243; _builder_version=&#8220;4.20.4&#8243; _module_preset=&#8220;default&#8220; width=&#8220;100%&#8220; custom_margin=&#8220;0px|auto|46px|auto|false|false&#8220; custom_padding=&#8220;49px|||||&#8220; global_colors_info=&#8220;{}&#8220;][et_pb_column type=&#8220;1_2&#8243; _builder_version=&#8220;4.20.4&#8243; _module_preset=&#8220;default&#8220; global_colors_info=&#8220;{}&#8220;][et_pb_image src=&#8220;https:\/\/cjk.nn-digital.de\/wp-content\/uploads\/2023\/05\/Suess-Foto-Frauenrechte-Social-Media-Post-10neu.png&#8220; title_text=&#8220;S\u00fc\u00df Foto Frauenrechte Social Media-Post (10)neu&#8220; disabled_on=&#8220;off|off|on&#8220; _builder_version=&#8220;4.20.4&#8243; _module_preset=&#8220;default&#8220; custom_margin=&#8220;-30px||||false|false&#8220; custom_margin_tablet=&#8220;|25px||25px|false|true&#8220; custom_margin_phone=&#8220;|15px||15px|false|true&#8220; custom_margin_last_edited=&#8220;on|phone&#8220; global_colors_info=&#8220;{}&#8220;][\/et_pb_image][et_pb_text _builder_version=&#8220;4.20.4&#8243; _module_preset=&#8220;default&#8220; text_line_height=&#8220;2em&#8220; header_font=&#8220;|700|||||||&#8220; header_text_color=&#8220;#9e1009&#8243; background_enable_color=&#8220;off&#8220; custom_margin=&#8220;||||false|false&#8220; custom_margin_tablet=&#8220;|25px||25px|false|true&#8220; custom_margin_phone=&#8220;|15px||15px|false|true&#8220; custom_margin_last_edited=&#8220;on|phone&#8220; custom_padding=&#8220;||||false|false&#8220; inline_fonts=&#8220;Actor,Josefin Sans,Manjari&#8220; global_colors_info=&#8220;{}&#8220;]<\/p>\n<blockquote><\/blockquote>\n<p><span style=\"font-family: Manjari; font-weight: normal; color: #720000;\"><strong><span style=\"font-size: xx-large;\">Die erste Reise der CJK<\/span><\/strong><\/span><\/p>\n<blockquote><\/blockquote>\n<p><span>Die erste Reise des CJK Ferienlagers ging tief ins Sauerland nach Assinghausen, wobei die Kosten damals 240 DM betrugen. Ein Unterschied zu heute, dennoch ist es heute genauso wie damals \u00fcblich, dass Geschwisterkinder einen Erlass von 50 DM beziehungsweise 50\u20ac bekommen. Bereits im ersten Jahr des Ferienlagers wurde ein Lagerparlament gegr\u00fcndet, welches mit Teilnehmern aus Gruppen und der Lagerleitung besetzt wird. Dies hat gro\u00dfe Tradition im Ferienlager, da auch heute noch fast jedes Jahr ein Lagerparlament gegr\u00fcndet wird, in dem die Kinder Kritik, W\u00fcnsche und neue Ideen \u00e4u\u00dfern k\u00f6nnen.<br \/>Ein Muss f\u00fcr das Ferienlager war sowohl damals als auch heute ein eigener Betreuerraum, in dem flei\u00dfig Programm geplant wird, Reflexionsrunden stattfinden und gebastelt werden kann.<\/span><\/p>\n<p>[\/et_pb_text][\/et_pb_column][et_pb_column type=&#8220;1_2&#8243; _builder_version=&#8220;4.20.4&#8243; _module_preset=&#8220;default&#8220; global_colors_info=&#8220;{}&#8220;][et_pb_image src=&#8220;https:\/\/cjk.nn-digital.de\/wp-content\/uploads\/2023\/05\/Suess-Foto-Frauenrechte-Social-Media-Post-10neu.png&#8220; title_text=&#8220;S\u00fc\u00df Foto Frauenrechte Social Media-Post (10)neu&#8220; disabled_on=&#8220;on|on|off&#8220; _builder_version=&#8220;4.20.4&#8243; _module_preset=&#8220;default&#8220; custom_margin=&#8220;-30px||||false|false&#8220; custom_margin_tablet=&#8220;|25px||25px|false|true&#8220; custom_margin_phone=&#8220;|15px||15px|false|true&#8220; custom_margin_last_edited=&#8220;on|phone&#8220; global_colors_info=&#8220;{}&#8220;][\/et_pb_image][\/et_pb_column][\/et_pb_row][\/et_pb_section][et_pb_section fb_built=&#8220;1&#8243; _builder_version=&#8220;4.20.4&#8243; _module_preset=&#8220;default&#8220; custom_margin=&#8220;||||false|false&#8220; custom_padding=&#8220;||||false|false&#8220; global_colors_info=&#8220;{}&#8220;][et_pb_row column_structure=&#8220;1_2,1_2&#8243; _builder_version=&#8220;4.20.4&#8243; _module_preset=&#8220;default&#8220; width=&#8220;100%&#8220; custom_margin=&#8220;||||false|false&#8220; global_colors_info=&#8220;{}&#8220;][et_pb_column type=&#8220;1_2&#8243; _builder_version=&#8220;4.20.4&#8243; _module_preset=&#8220;default&#8220; global_colors_info=&#8220;{}&#8220;][et_pb_image src=&#8220;https:\/\/cjk.nn-digital.de\/wp-content\/uploads\/2023\/05\/Suess-Foto-Frauenrechte-Social-Media-Post-1ne.png&#8220; title_text=&#8220;S\u00fc\u00df Foto Frauenrechte Social Media-Post (1)ne&#8220; disabled_on=&#8220;off|off|off&#8220; _builder_version=&#8220;4.20.4&#8243; _module_preset=&#8220;default&#8220; custom_margin=&#8220;|0px||0px|false|false&#8220; custom_margin_tablet=&#8220;|25px||25px|false|true&#8220; custom_margin_phone=&#8220;|15px||15px|false|true&#8220; custom_margin_last_edited=&#8220;on|phone&#8220; global_colors_info=&#8220;{}&#8220;][\/et_pb_image][\/et_pb_column][et_pb_column type=&#8220;1_2&#8243; _builder_version=&#8220;4.20.4&#8243; _module_preset=&#8220;default&#8220; global_colors_info=&#8220;{}&#8220;][et_pb_text _builder_version=&#8220;4.20.4&#8243; _module_preset=&#8220;default&#8220; text_line_height=&#8220;2em&#8220; header_font=&#8220;|700|||||||&#8220; header_text_color=&#8220;#9e1009&#8243; background_enable_color=&#8220;off&#8220; min_height=&#8220;420px&#8220; custom_margin=&#8220;||||false|false&#8220; custom_margin_tablet=&#8220;|25px||25px|false|true&#8220; custom_margin_phone=&#8220;|15px||15px|false|true&#8220; custom_margin_last_edited=&#8220;on|phone&#8220; custom_padding=&#8220;||||false|false&#8220; inline_fonts=&#8220;Actor,Josefin Sans,Manjari&#8220; global_colors_info=&#8220;{}&#8220;]<\/p>\n<p><span style=\"font-family: Manjari; font-weight: normal;\"><strong><span style=\"font-size: xx-large; color: #720000;\">H<\/span><span style=\"color: #720000;\"><span style=\"font-size: 32px;\"><span style=\"color: #720000;\">eut<\/span>e<\/span><\/span><\/strong><\/span><\/p>\n<p><span>Das junge und motivierte Betreuerteam des CJK-Ferienlagers erfindet heute sowie damals immer wieder neue und aufregende Programmpunkte. Dadurch bildet es eine gute Mischung aus Tradition und modernen Konzepten, sodass jedes Kind egal ob Junge oder M\u00e4dchen jede Menge Spa\u00df im CJK-Ferienlager erwartet.<\/span><\/p>\n<p>[\/et_pb_text][\/et_pb_column][\/et_pb_row][\/et_pb_section]<\/p>\n","protected":false},"excerpt":{"rendered":"<p>Die CJK Die Christliche Jugend Kranenburg (CJK) ist ein Teil der Pfarrgemeinde St. Peter und Paul Kranenburg und f\u00fchrt seit 1978 jeden Sommer eine zweiw\u00f6chige Ferienfreizeit durch.Die Idee Die Idee vom CJK Ferienlager hatte Walter Blenker, welcher zur damaligen Zeit Pastoralassistent in Kranenburg gewesen ist. Dabei wollte er, dass Kinder im CJK-Ferienlager \u00fcber einen l\u00e4ngeren [&hellip;]<\/p>\n","protected":false},"author":4,"featured_media":0,"parent":0,"menu_order":0,"comment_status":"closed","ping_status":"closed","template":"","meta":{"_et_pb_use_builder":"on","_et_pb_old_content":"","_et_gb_content_width":"","footnotes":""},"class_list":["post-1683","page","type-page","status-publish","hentry"],"_links":{"self":[{"href":"https:\/\/cjk.nn-digital.de\/index.php\/wp-json\/wp\/v2\/pages\/1683","targetHints":{"allow":["GET"]}}],"collection":[{"href":"https:\/\/cjk.nn-digital.de\/index.php\/wp-json\/wp\/v2\/pages"}],"about":[{"href":"https:\/\/cjk.nn-digital.de\/index.php\/wp-json\/wp\/v2\/types\/page"}],"author":[{"embeddable":true,"href":"https:\/\/cjk.nn-digital.de\/index.php\/wp-json\/wp\/v2\/users\/4"}],"replies":[{"embeddable":true,"href":"https:\/\/cjk.nn-digital.de\/index.php\/wp-json\/wp\/v2\/comments?post=1683"}],"version-history":[{"count":26,"href":"https:\/\/cjk.nn-digital.de\/index.php\/wp-json\/wp\/v2\/pages\/1683\/revisions"}],"predecessor-version":[{"id":1995,"href":"https:\/\/cjk.nn-digital.de\/index.php\/wp-json\/wp\/v2\/pages\/1683\/revisions\/1995"}],"wp:attachment":[{"href":"https:\/\/cjk.nn-digital.de\/index.php\/wp-json\/wp\/v2\/media?parent=1683"}],"curies":[{"name":"wp","href":"https:\/\/api.w.org\/{rel}","templated":true}]}}