{"id":1672,"date":"2023-05-03T08:01:09","date_gmt":"2023-05-03T08:01:09","guid":{"rendered":"https:\/\/cjk.nn-digital.de\/?page_id=1672"},"modified":"2023-11-03T10:16:57","modified_gmt":"2023-11-03T10:16:57","slug":"ferienlager-2024","status":"publish","type":"page","link":"https:\/\/cjk.nn-digital.de\/index.php\/ferienlager-2024\/","title":{"rendered":"Ferienlager 2024"},"content":{"rendered":"<p>[et_pb_section fb_built=&#8220;1&#8243; fullwidth=&#8220;on&#8220; next_background_color=&#8220;#ffffff&#8220; admin_label=&#8220;Header&#8220; _builder_version=&#8220;4.20.4&#8243; background_color=&#8220;#FFFFFF&#8220; background_enable_image=&#8220;off&#8220; parallax=&#8220;on&#8220; custom_padding=&#8220;0px|0|0px|0px|false|false&#8220; bottom_divider_style=&#8220;mountains&#8220; bottom_divider_height=&#8220;70px&#8220; locked=&#8220;off&#8220; global_colors_info=&#8220;{}&#8220;][et_pb_fullwidth_header title=&#8220;Ferienlager 2023&#8243; text_orientation=&#8220;center&#8220; background_overlay_color=&#8220;rgba(83,90,128,0.3)&#8220; content_max_width=&#8220;90%&#8220; _builder_version=&#8220;4.20.4&#8243; title_font=&#8220;Amiko|700|||||||&#8220; title_text_align=&#8220;center&#8220; title_font_size=&#8220;70px&#8220; title_line_height=&#8220;1.1em&#8220; content_font=&#8220;Noto Sans||||||||&#8220; content_line_height=&#8220;2em&#8220; subhead_font=&#8220;Noto Sans||||||||&#8220; subhead_text_align=&#8220;center&#8220; subhead_font_size=&#8220;30px&#8220; subhead_line_height=&#8220;2em&#8220; background_color=&#8220;#FFFFFF&#8220; background_image=&#8220;https:\/\/cjk.nn-digital.de\/wp-content\/uploads\/2023\/01\/IMG_3162.jpg&#8220; custom_button_one=&#8220;on&#8220; button_one_text_size=&#8220;17px&#8220; button_one_text_color=&#8220;#ffffff&#8220; button_one_bg_color=&#8220;#ff6b5a&#8220; button_one_border_width=&#8220;7px&#8220; button_one_border_color=&#8220;#ff6b5a&#8220; button_one_border_radius=&#8220;100px&#8220; button_one_font=&#8220;Noto Sans|700||on|||||&#8220; button_one_use_icon=&#8220;off&#8220; custom_margin=&#8220;|||&#8220; custom_padding=&#8220;110px||110px||true&#8220; custom_padding_tablet=&#8220;100px|||&#8220; custom_padding_phone=&#8220;&#8220; custom_padding_last_edited=&#8220;on|phone&#8220; animation_style=&#8220;fade&#8220; animation_direction=&#8220;top&#8220; title_font_size_tablet=&#8220;40px&#8220; title_font_size_phone=&#8220;&#8220; title_font_size_last_edited=&#8220;on|tablet&#8220; subhead_font_size_tablet=&#8220;&#8220; subhead_font_size_phone=&#8220;20px&#8220; subhead_font_size_last_edited=&#8220;on|desktop&#8220; subhead_line_height_tablet=&#8220;&#8220; subhead_line_height_phone=&#8220;1.5em&#8220; subhead_line_height_last_edited=&#8220;on|phone&#8220; button_one_text_color_hover=&#8220;#ffffff&#8220; button_one_border_color_hover=&#8220;#ff9e59&#8243; button_one_border_radius_hover=&#8220;100px&#8220; button_one_bg_color_hover=&#8220;#ff9e59&#8243; global_colors_info=&#8220;{}&#8220; button_one_text_size__hover_enabled=&#8220;off&#8220; button_two_text_size__hover_enabled=&#8220;off&#8220; button_one_text_color__hover_enabled=&#8220;on&#8220; button_one_text_color__hover=&#8220;#ffffff&#8220; button_two_text_color__hover_enabled=&#8220;off&#8220; button_one_border_width__hover_enabled=&#8220;off&#8220; button_two_border_width__hover_enabled=&#8220;off&#8220; button_one_border_color__hover_enabled=&#8220;on&#8220; button_one_border_color__hover=&#8220;#ff9e59&#8243; button_two_border_color__hover_enabled=&#8220;off&#8220; button_one_border_radius__hover_enabled=&#8220;on&#8220; button_one_border_radius__hover=&#8220;100px&#8220; button_two_border_radius__hover_enabled=&#8220;off&#8220; button_one_letter_spacing__hover_enabled=&#8220;off&#8220; button_two_letter_spacing__hover_enabled=&#8220;off&#8220; button_one_bg_color__hover_enabled=&#8220;on&#8220; button_one_bg_color__hover=&#8220;#ff9e59&#8243; button_two_bg_color__hover_enabled=&#8220;off&#8220;][\/et_pb_fullwidth_header][\/et_pb_section][et_pb_section fb_built=&#8220;1&#8243; prev_background_color=&#8220;#FFFFFF&#8220; _builder_version=&#8220;4.20.4&#8243; _module_preset=&#8220;default&#8220; custom_margin=&#8220;0px||||false|false&#8220; custom_padding=&#8220;||31px||false|false&#8220; top_divider_style=&#8220;mountains&#8220; global_colors_info=&#8220;{}&#8220;][et_pb_row column_structure=&#8220;1_2,1_2&#8243; _builder_version=&#8220;4.20.4&#8243; _module_preset=&#8220;default&#8220; width=&#8220;100%&#8220; max_width=&#8220;1280px&#8220; custom_margin=&#8220;0px||||false|false&#8220; global_colors_info=&#8220;{}&#8220;][et_pb_column type=&#8220;1_2&#8243; _builder_version=&#8220;4.20.4&#8243; _module_preset=&#8220;default&#8220; global_colors_info=&#8220;{}&#8220;][et_pb_text _builder_version=&#8220;4.20.4&#8243; _module_preset=&#8220;default&#8220; text_font=&#8220;Manjari||||||||&#8220; text_line_height=&#8220;2em&#8220; header_font=&#8220;|700|||||||&#8220; header_text_color=&#8220;#9e1009&#8243; background_enable_color=&#8220;off&#8220; min_height=&#8220;420px&#8220; custom_margin=&#8220;0px|||85px|false|false&#8220; custom_margin_tablet=&#8220;|25px||25px|false|true&#8220; custom_margin_phone=&#8220;-35px|20px|0px|20px|false|true&#8220; custom_margin_last_edited=&#8220;on|phone&#8220; custom_padding=&#8220;6px|||||&#8220; inline_fonts=&#8220;Actor,Josefin Sans,Amiko,Manjari&#8220; global_colors_info=&#8220;{}&#8220;]<\/p>\n<blockquote><\/blockquote>\n<p><span style=\"font-family: Manjari; font-weight: normal; color: #720000;\"><strong><span style=\"font-size: xx-large;\">Alles rund um das Ferienlager 2024<\/span><\/strong><\/span><\/p>\n<blockquote><\/blockquote>\n<p><span data-contrast=\"auto\">Unser Ferienlager 2024 findet vom 29.07. &#8211; 11.08.2024 (vierte und f\u00fcnfte Sommerferienlagerwoche) statt.<\/span><span data-ccp-props=\"{&quot;201341983&quot;:0,&quot;335559740&quot;:276}\">\u00a0<\/span><\/p>\n<p><span data-contrast=\"auto\">Daf\u00fcr fahren wir in eine neue Jugendherberge in H\u00f6xter. Das Haus bietet uns gen\u00fcgend Platz f\u00fcr bis zu 60 Kinder im Alter von 9 bis 15 Jahren und ca. 14 Betreuer. Umrundet von W\u00e4ldern und einer bergigen Landschaft liegt die Einrichtung am Rande von NRW in direkter N\u00e4he zu der Stadt H\u00f6xter, durch die die Weser flie\u00dft. Insgesamt kann das Haus bis zu 136 G\u00e4ste in 10 Einzel- oder Doppelzimmern und 29 Mehrbettzimmern mit bis zu acht Betten beherbergen. Im Erdgeschoss befindet sich die ger\u00e4umige K\u00fcche und die beiden S\u00e4le, die als Gemeinschaft- oder Speisesaal genutzt werden k\u00f6nnen. Die Au\u00dfenanlagen verf\u00fcgt \u00fcber eine gro\u00dfe Wiesenfl\u00e4che, einen kleinen Fu\u00dfballplatz und eine Grillh\u00fctte.\u00a0<\/span><span data-ccp-props=\"{&quot;201341983&quot;:0,&quot;335559740&quot;:276}\">\u00a0<\/span><\/p>\n<p><span data-contrast=\"auto\">Auch der umliegende Wald bietet uns eine genug Fl\u00e4che f\u00fcr Au\u00dfenaktivit\u00e4ten. Der Godelheimer See, sowie ein Hallenbad, welche beide fu\u00dfl\u00e4ufig zu erreichen sind, erm\u00f6glichen uns auch im n\u00e4chsten Jahr wieder Schwimmbadausfl\u00fcge.\u00a0<\/span><span data-ccp-props=\"{&quot;201341983&quot;:0,&quot;335559740&quot;:276}\">\u00a0<\/span><\/p>\n<p><span data-contrast=\"auto\">Somit bietet die Jugendherberge alles, was wir f\u00fcr unser abwechslungsreiches Programm brauchen.<\/span><span data-ccp-props=\"{&quot;201341983&quot;:0,&quot;335559740&quot;:276}\">\u00a0<\/span><\/p>\n<p><span><\/span><\/p>\n<p>[\/et_pb_text][et_pb_button button_text=&#8220;Online Anmeldung 2024&#8243; button_alignment=&#8220;center&#8220; _builder_version=&#8220;4.20.4&#8243; _module_preset=&#8220;default&#8220; custom_button=&#8220;on&#8220; button_bg_color=&#8220;#720000&#8243; background_layout=&#8220;dark&#8220; custom_margin=&#8220;|||80px|false|false&#8220; custom_margin_tablet=&#8220;|||25px|false|false&#8220; custom_margin_phone=&#8220;|||0px|false|false&#8220; custom_margin_last_edited=&#8220;on|phone&#8220; hover_enabled=&#8220;0&#8243; global_colors_info=&#8220;{}&#8220; button_url=&#8220;https:\/\/cjk.nn-digital.de\/index.php\/online-anmeldung\/&#8220; sticky_enabled=&#8220;0&#8243;][\/et_pb_button][\/et_pb_column][et_pb_column type=&#8220;1_2&#8243; _builder_version=&#8220;4.20.4&#8243; _module_preset=&#8220;default&#8220; global_colors_info=&#8220;{}&#8220;][et_pb_image src=&#8220;https:\/\/cjk.nn-digital.de\/wp-content\/uploads\/2023\/01\/IMG_3162.jpg&#8220; title_text=&#8220;Tag 4&#8243; align=&#8220;center&#8220; disabled_on=&#8220;off|off|off&#8220; _builder_version=&#8220;4.20.4&#8243; _module_preset=&#8220;default&#8220; custom_margin=&#8220;25px|25px||25px|false|false&#8220; custom_margin_tablet=&#8220;|25px||25px|false|true&#8220; custom_margin_phone=&#8220;|25px||25px|false|true&#8220; custom_margin_last_edited=&#8220;on|phone&#8220; custom_padding=&#8220;|0px|||false|false&#8220; global_colors_info=&#8220;{}&#8220;][\/et_pb_image][et_pb_image src=&#8220;https:\/\/cjk.nn-digital.de\/wp-content\/uploads\/2023\/11\/MicrosoftTeams-image-313.jpg&#8220; title_text=&#8220;MicrosoftTeams-image (313)&#8220; disabled_on=&#8220;off|off|off&#8220; _builder_version=&#8220;4.20.4&#8243; _module_preset=&#8220;default&#8220; width=&#8220;92%&#8220; width_tablet=&#8220;&#8220; width_phone=&#8220;&#8220; width_last_edited=&#8220;on|tablet&#8220; custom_margin=&#8220;25px|25px||25px|false|false&#8220; custom_margin_tablet=&#8220;|25px||25px|false|false&#8220; custom_margin_phone=&#8220;|25px||25px|false|true&#8220; custom_margin_last_edited=&#8220;on|desktop&#8220; custom_padding=&#8220;|0px|||false|false&#8220; global_colors_info=&#8220;{}&#8220;][\/et_pb_image][\/et_pb_column][\/et_pb_row][\/et_pb_section][et_pb_section fb_built=&#8220;1&#8243; prev_background_color=&#8220;#ffffff&#8220; _builder_version=&#8220;4.20.4&#8243; _module_preset=&#8220;default&#8220; background_color=&#8220;#f9f9f9&#8243; custom_margin=&#8220;-25px||||false|false&#8220; custom_padding=&#8220;||150px||false|false&#8220; top_divider_style=&#8220;mountains&#8220; global_colors_info=&#8220;{}&#8220;][et_pb_row column_structure=&#8220;1_2,1_2&#8243; _builder_version=&#8220;4.20.4&#8243; _module_preset=&#8220;default&#8220; width=&#8220;100%&#8220; max_width=&#8220;1280px&#8220; custom_margin=&#8220;60px||||false|false&#8220; global_colors_info=&#8220;{}&#8220;][et_pb_column type=&#8220;1_2&#8243; _builder_version=&#8220;4.20.4&#8243; _module_preset=&#8220;default&#8220; global_colors_info=&#8220;{}&#8220;][et_pb_text _builder_version=&#8220;4.20.4&#8243; _module_preset=&#8220;default&#8220; text_font=&#8220;Manjari||||||||&#8220; text_line_height=&#8220;2em&#8220; header_font=&#8220;|700|||||||&#8220; header_text_color=&#8220;#9e1009&#8243; background_enable_color=&#8220;off&#8220; min_height=&#8220;420px&#8220; custom_margin=&#8220;0px|||85px|false|false&#8220; custom_margin_tablet=&#8220;|25px||25px|false|true&#8220; custom_margin_phone=&#8220;-45px|20px|-5px|20px|false|true&#8220; custom_margin_last_edited=&#8220;on|phone&#8220; custom_padding=&#8220;||||false|false&#8220; inline_fonts=&#8220;Actor,Josefin Sans,Amiko,Manjari&#8220; global_colors_info=&#8220;{}&#8220;]<\/p>\n<blockquote><\/blockquote>\n<blockquote><\/blockquote>\n<p><span style=\"font-family: Manjari; font-weight: normal; color: #720000;\"><strong><span style=\"font-size: xx-large;\">Leistungen<\/span><\/strong><\/span><\/p>\n<blockquote><\/blockquote>\n<ul>\n<li>13 \u00dcbernachtungen (Montags bis Sonntags), inkl. Vollpension (ab 2024 Selbstversorgung) in einer Ferien- und Tagungsst\u00e4tte<\/li>\n<li>Hin- und R\u00fcckreise im Reisebus<\/li>\n<li>Ausflug<\/li>\n<li>\u201eRund um die Uhr Betreuung\u201c und Programmgestaltung durch das Betreuerteam der CJK<\/li>\n<\/ul>\n<p>&nbsp;<\/p>\n<p><span style=\"font-family: Manjari; font-weight: normal; color: #720000;\"><strong><span style=\"font-size: xx-large;\">Reisepreis<\/span><\/strong><\/span><\/p>\n<p>Der Preis f\u00fcr das diesj\u00e4hrige Ferienlager betr\u00e4gt 430,- \u20ac*.<\/p>\n<p>Darin sind s\u00e4mtliche Kosten f\u00fcr Unterkunft, Vollverpflegung, Busfahrt, Schwimmausflug, Getr\u00e4nke, etc. enthalten (exklusive Taschengeld).\u00a0 F\u00fcr Geschwisterkinder erhalten Sie einen Rabatt von 50,- \u20ac.<\/p>\n<p><span style=\"font-size: small;\"><em>*Uns ist bewusst, dass der Reisepreis verglichen mit anderen Ferienangeboten hoch ist. Unser CJK- Ferienlager besucht allerdings eine Jugendherberge mit Vollverpflegung, getrennten Mehrbettzimmern und verschiedenen Gruppenr\u00e4umen. Dar\u00fcber hinaus planen wir Morgens, Mittags und Abends ein abwechslungsreiches Programm. Unser Ziel ist es den Reisepreis so niedrig wie m\u00f6glich zuhalten. Leider m\u00fcssen wir, auf Grund des kontinuierlichen Anstiegs der Kosten, auch unseren Reisepreis anpassen. Bei Finanzierungsproblemen d\u00fcrfen Sie sich gerne bei uns melden und wir versuchen eine gemeinsame L\u00f6sung zu finden.<\/em><\/span><\/p>\n<p>[\/et_pb_text][\/et_pb_column][et_pb_column type=&#8220;1_2&#8243; _builder_version=&#8220;4.20.4&#8243; _module_preset=&#8220;default&#8220; global_colors_info=&#8220;{}&#8220;][et_pb_image src=&#8220;https:\/\/cjk.nn-digital.de\/wp-content\/uploads\/2023\/01\/DSC_7886-2-684&#215;1024-13.jpg&#8220; title_text=&#8220;DSC_7886-2-684&#215;1024 (1)3&#8243; align=&#8220;center&#8220; disabled_on=&#8220;off|off|off&#8220; _builder_version=&#8220;4.20.4&#8243; _module_preset=&#8220;default&#8220; custom_margin=&#8220;25px|25px||25px|false|false&#8220; custom_margin_tablet=&#8220;|25px||25px|false|true&#8220; custom_margin_phone=&#8220;|25px||25px|false|true&#8220; custom_margin_last_edited=&#8220;on|phone&#8220; custom_padding=&#8220;|0px|||false|false&#8220; global_colors_info=&#8220;{}&#8220;][\/et_pb_image][et_pb_image src=&#8220;https:\/\/cjk.nn-digital.de\/wp-content\/uploads\/2023\/11\/MicrosoftTeams-image-312.jpg&#8220; title_text=&#8220;MicrosoftTeams-image (312)&#8220; align=&#8220;center&#8220; disabled_on=&#8220;off|off|off&#8220; _builder_version=&#8220;4.20.4&#8243; _module_preset=&#8220;default&#8220; width=&#8220;63%&#8220; max_height=&#8220;555px&#8220; custom_margin=&#8220;25px|25px||25px|false|false&#8220; custom_margin_tablet=&#8220;|25px||25px|false|true&#8220; custom_margin_phone=&#8220;|25px||25px|false|true&#8220; custom_margin_last_edited=&#8220;on|phone&#8220; custom_padding=&#8220;|0px|||false|false&#8220; global_colors_info=&#8220;{}&#8220;][\/et_pb_image][\/et_pb_column][\/et_pb_row][\/et_pb_section]<\/p>\n","protected":false},"excerpt":{"rendered":"<p>Alles rund um das Ferienlager 2024 Unser Ferienlager 2024 findet vom 29.07. &#8211; 11.08.2024 (vierte und f\u00fcnfte Sommerferienlagerwoche) statt.\u00a0 Daf\u00fcr fahren wir in eine neue Jugendherberge in H\u00f6xter. Das Haus bietet uns gen\u00fcgend Platz f\u00fcr bis zu 60 Kinder im Alter von 9 bis 15 Jahren und ca. 14 Betreuer. Umrundet von W\u00e4ldern und einer [&hellip;]<\/p>\n","protected":false},"author":4,"featured_media":0,"parent":0,"menu_order":0,"comment_status":"closed","ping_status":"closed","template":"","meta":{"_et_pb_use_builder":"on","_et_pb_old_content":"","_et_gb_content_width":"","footnotes":""},"class_list":["post-1672","page","type-page","status-publish","hentry"],"_links":{"self":[{"href":"https:\/\/cjk.nn-digital.de\/index.php\/wp-json\/wp\/v2\/pages\/1672","targetHints":{"allow":["GET"]}}],"collection":[{"href":"https:\/\/cjk.nn-digital.de\/index.php\/wp-json\/wp\/v2\/pages"}],"about":[{"href":"https:\/\/cjk.nn-digital.de\/index.php\/wp-json\/wp\/v2\/types\/page"}],"author":[{"embeddable":true,"href":"https:\/\/cjk.nn-digital.de\/index.php\/wp-json\/wp\/v2\/users\/4"}],"replies":[{"embeddable":true,"href":"https:\/\/cjk.nn-digital.de\/index.php\/wp-json\/wp\/v2\/comments?post=1672"}],"version-history":[{"count":31,"href":"https:\/\/cjk.nn-digital.de\/index.php\/wp-json\/wp\/v2\/pages\/1672\/revisions"}],"predecessor-version":[{"id":2299,"href":"https:\/\/cjk.nn-digital.de\/index.php\/wp-json\/wp\/v2\/pages\/1672\/revisions\/2299"}],"wp:attachment":[{"href":"https:\/\/cjk.nn-digital.de\/index.php\/wp-json\/wp\/v2\/media?parent=1672"}],"curies":[{"name":"wp","href":"https:\/\/api.w.org\/{rel}","templated":true}]}}